{"id":7473,"date":"2024-09-15T22:49:20","date_gmt":"2024-09-15T22:49:20","guid":{"rendered":"https:\/\/miticocoffee.co\/?page_id=7473"},"modified":"2025-08-02T17:11:48","modified_gmt":"2025-08-02T17:11:48","slug":"novatodeoro","status":"publish","type":"page","link":"https:\/\/ligaciclismoquindio.com\/index.php\/novatodeoro\/","title":{"rendered":"Novato de Oro"},"content":{"rendered":"<p>[vc_row][vc_column width=&#8221;1\/2&#8243;][vc_column_text]\u201cEl Novato de Oro\u201d es una competencia de ciclismo de formaci\u00f3n y desarrollo a llevarse a cabo en el departamento del Quind\u00edo.<\/p>\n<p>Esta carrera se realiz\u00f3 desde principios de los a\u00f1os 80, y durante m\u00e1s de dos d\u00e9cadas vio el surgimiento de pedalistas que m\u00e1s adelante se convertir\u00edan en los protagonistas de las carreras m\u00e1s importantes del pa\u00eds y del mundo.<\/p>\n<p>A partir del a\u00f1o 2017, el \u201cEl Novato de Oro\u201d regres\u00f3 organizada por el Club Halcones del Quind\u00edo y The Cycling Company SAS siendo avalada por la Liga de ciclismo del Quind\u00edo y por la Federaci\u00f3n Colombiana de Ciclismo. La versi\u00f3n 2024, se desarrollar\u00e1 en el mes de septiembre como pre\u00e1mbulo y zonal clasificatorio de las competencias m\u00e1s importantes de estas categor\u00edas, Vuelta al Porvenir y Vuelta al Futuro. Esta competencia es un espect\u00e1culo deportivo en el que podemos ver en acci\u00f3n los pedalistas que en un futuro cercano seguir\u00e1n los pasos de Nairo Quintana, Rigoberto Uran, Esteban Chaves y muchos otros que en la actualidad, ponen en lo m\u00e1s alto el nombre de nuestro pa\u00eds y nos llenan de orgullo gracias a sus heroicas haza\u00f1as en las competencias m\u00e1s importantes del mundo.[\/vc_column_text][\/vc_column][vc_column width=&#8221;1\/2&#8243;][vc_single_image image=&#8221;7833&#8243; img_size=&#8221;800 x 1000&#8243; alignment=&#8221;center&#8221;][\/vc_column][\/vc_row][vc_row full_width=&#8221;stretch_row&#8221; content_placement=&#8221;middle&#8221; parallax=&#8221;content-moving&#8221; parallax_image=&#8221;6959&#8243; parallax_speed_bg=&#8221;1&#8243; leaf_row_scheme=&#8221;1&#8243;][vc_column width=&#8221;1\/2&#8243;][vc_column_text]<\/p>\n<h3 style=\"text-align: center;\"><span style=\"color: #cfbb6f;\"><em><strong>Categor\u00edas 2025<\/strong><\/em><\/span><\/h3>\n<table width=\"764\">\n<tbody>\n<tr>\n<td width=\"151\">Pre Juvenil Femenino<\/td>\n<td width=\"113\">15 a 16 a\u00f1os<\/td>\n<\/tr>\n<tr>\n<td width=\"151\">Pre Juvenil Masculino<\/td>\n<td width=\"113\">15 a 16 a\u00f1os<\/td>\n<\/tr>\n<tr>\n<td width=\"151\">Juvenil Masculino<\/td>\n<td width=\"113\">17 a 18 a\u00f1os<\/td>\n<\/tr>\n<tr>\n<td width=\"151\">Damas Libre<\/td>\n<td width=\"113\">Desde 19 a\u00f1os<\/td>\n<\/tr>\n<\/tbody>\n<\/table>\n<p>[\/vc_column_text][\/vc_column][vc_column width=&#8221;1\/2&#8243;][vc_column_text]<\/p>\n<h3 style=\"text-align: center;\"><span style=\"color: #cfbb6f;\"><em><strong>Clasificaciones<\/strong><\/em><\/span><\/h3>\n<table width=\"589\">\n<tbody>\n<tr>\n<td width=\"153\"><strong>CLASIFICACIONES<\/strong><\/td>\n<td width=\"430\"><strong>\u2022 GANADORES METAS INTERMEDIAS:<\/strong><\/p>\n<p>\u2013\u00a0 \u00a0 \u00a0 \u00a0<strong>Campe\u00f3n de la Monta\u00f1a:<\/strong>\u00a0El Campe\u00f3n de la monta\u00f1a de cada categor\u00eda ser\u00e1 el corredor, que registre el mayor puntaje en estos premios.<\/p>\n<p>\u2013\u00a0 \u00a0 \u00a0 \u00a0<strong>Campe\u00f3n Metas Volantes:<\/strong>\u00a0El Campe\u00f3n de las metas volantes de cada categor\u00eda ser\u00e1 el corredor, que registre el mayor puntaje en estas metas intermedias.<\/p>\n<p><strong>\u2022 CAMPEONES GENERALES:<\/strong><\/p>\n<p>El Campe\u00f3n del Novato de Oro en cada categor\u00eda, ser\u00e1 el corredor que registre el menor tiempo en el total de las 3 etapas del evento.<\/td>\n<\/tr>\n<\/tbody>\n<\/table>\n<p>[\/vc_column_text][\/vc_column][\/vc_row][vc_row full_width=&#8221;stretch_row&#8221; content_placement=&#8221;middle&#8221; leaf_row_scheme=&#8221;0&#8243;][vc_column][vc_btn title=&#8221;M\u00e1s informaci\u00f3n e inscripciones&#8221; color=&#8221;warning&#8221; align=&#8221;center&#8221; link=&#8221;url:https%3A%2F%2Fnovatodeoro.com%2F|||&#8221;][\/vc_column][\/vc_row][vc_row][vc_column][vc_column_text css=&#8221;.vc_custom_1754154572651{margin-top: 60px !important;}&#8221;]<\/p>\n<h1 style=\"text-align: center;\"><span style=\"color: #cfbb6f;\">\u00a1CUNA DE CAMPEONES DESDE 1980!<\/span><\/h1>\n<p>[\/vc_column_text][\/vc_column][\/vc_row]<\/p>\n","protected":false},"excerpt":{"rendered":"<p>[vc_row][vc_column width=&#8221;1\/2&#8243;][vc_column_text]\u201cEl Novato de Oro\u201d es una competencia de ciclismo de formaci\u00f3n y desarrollo a llevarse a cabo en el departamento del [&hellip;]<\/p>\n","protected":false},"author":1,"featured_media":0,"parent":0,"menu_order":0,"comment_status":"closed","ping_status":"closed","template":"","meta":{"footnotes":""},"class_list":["post-7473","page","type-page","status-publish","hentry"],"jetpack_sharing_enabled":true,"_links":{"self":[{"href":"https:\/\/ligaciclismoquindio.com\/index.php\/wp-json\/wp\/v2\/pages\/7473","targetHints":{"allow":["GET"]}}],"collection":[{"href":"https:\/\/ligaciclismoquindio.com\/index.php\/wp-json\/wp\/v2\/pages"}],"about":[{"href":"https:\/\/ligaciclismoquindio.com\/index.php\/wp-json\/wp\/v2\/types\/page"}],"author":[{"embeddable":true,"href":"https:\/\/ligaciclismoquindio.com\/index.php\/wp-json\/wp\/v2\/users\/1"}],"replies":[{"embeddable":true,"href":"https:\/\/ligaciclismoquindio.com\/index.php\/wp-json\/wp\/v2\/comments?post=7473"}],"version-history":[{"count":18,"href":"https:\/\/ligaciclismoquindio.com\/index.php\/wp-json\/wp\/v2\/pages\/7473\/revisions"}],"predecessor-version":[{"id":7835,"href":"https:\/\/ligaciclismoquindio.com\/index.php\/wp-json\/wp\/v2\/pages\/7473\/revisions\/7835"}],"wp:attachment":[{"href":"https:\/\/ligaciclismoquindio.com\/index.php\/wp-json\/wp\/v2\/media?parent=7473"}],"curies":[{"name":"wp","href":"https:\/\/api.w.org\/{rel}","templated":true}]}}