{"id":3547,"date":"2021-06-19T19:42:01","date_gmt":"2021-06-19T19:42:01","guid":{"rendered":"http:\/\/thecyclingcompanystore.com\/?page_id=3547"},"modified":"2025-08-02T16:59:11","modified_gmt":"2025-08-02T16:59:11","slug":"acercade","status":"publish","type":"page","link":"https:\/\/ligaciclismoquindio.com\/index.php\/acercade\/","title":{"rendered":"Acerca de la liga"},"content":{"rendered":"<p>[vc_row][vc_column width=&#8221;1\/2&#8243;]    <div class=\"ia-heading ia-heading-heading_8620 heading-align-left \" data-delay=0>\r\n    \t<h2 class=\"h1\">\r\n                \t\u00bfQuienes Somos?                <\/h2>\r\n        <div class=\"clearfix\"><\/div>\r\n    <\/div>\r\n    [vc_column_text]<span style=\"color: #000000;\">La Liga de Ciclismo del Quind\u00edo es una organizaci\u00f3n deportiva sin \u00e1nimo de lucro dedicada a impulsar el desarrollo del ciclismo en el departamento, con un enfoque claro en la formaci\u00f3n de deportistas de alto rendimiento.<\/span><br \/>\n<span style=\"color: #000000;\">Trabajamos para convertir el talento local en excelencia deportiva, construyendo procesos s\u00f3lidos de formaci\u00f3n, entrenamiento y competencia en las modalidades de BMX RACING, BMX FREESTYLE, RUTA, PISTA, MTB y PARACYCLING. Nuestra misi\u00f3n va m\u00e1s all\u00e1 del podio, buscamos formar ciclistas con valores, car\u00e1cter y disciplina, que representen con orgullo al Quind\u00edo en los m\u00e1s altos niveles del ciclismo nacional e internacional.<\/span><br \/>\n<span style=\"color: #000000;\">Creemos en el poder transformador del deporte, Por eso, promovemos una cultura ciclista que una a la comunidad, inspire a las nuevas generaciones y proyecte a nuestra regi\u00f3n como referente del ciclismo colombiano. Nuestro trabajo es constante, comprometido y con visi\u00f3n a mediano plazo; no queremos dejar solo resultados, sino un legado.<\/span>[\/vc_column_text][\/vc_column][vc_column width=&#8221;1\/2&#8243;][vc_single_image image=&#8221;7828&#8243; img_size=&#8221;Medium&#8221; alignment=&#8221;center&#8221; css=&#8221;.vc_custom_1754153804478{margin-top: 100px !important;}&#8221;][\/vc_column][\/vc_row][vc_row][vc_column width=&#8221;1\/2&#8243;]    <div class=\"ia-heading ia-heading-heading_6538 heading-align-left \" data-delay=0>\r\n    \t<h2 class=\"h1\">\r\n                \tMisi\u00f3n                <\/h2>\r\n        <div class=\"clearfix\"><\/div>\r\n    <\/div>\r\n    [vc_column_text]<span style=\"color: #000000;\">Fomentar, desarrollar y fortalecer la pr\u00e1ctica del ciclismo en todas sus modalidades en el departamento del Quind\u00edo, brindando oportunidades de formaci\u00f3n, participaci\u00f3n y alto rendimiento a ni\u00f1os, j\u00f3venes y adultos, promoviendo el deporte como herramienta de transformaci\u00f3n social, educaci\u00f3n en valores y bienestar integral.<\/span>[\/vc_column_text][\/vc_column][vc_column width=&#8221;1\/2&#8243;][vc_single_image image=&#8221;7768&#8243; img_size=&#8221;800&#215;500&#8243; alignment=&#8221;center&#8221;][\/vc_column][\/vc_row][vc_row full_width=&#8221;stretch_row&#8221; parallax=&#8221;content-moving-fade&#8221; parallax_image=&#8221;3572&#8243; leaf_row_scheme=&#8221;0&#8243; css=&#8221;.vc_custom_1624134082750{background-image: url(http:\/\/thecyclingcompanystore.com\/wp-content\/uploads\/2021\/06\/Fondos-Mitico-Farm-2.jpg?id=3572) !important;}&#8221;][vc_column width=&#8221;1\/2&#8243;][vc_single_image image=&#8221;7821&#8243; img_size=&#8221;800&#215;500&#8243; alignment=&#8221;center&#8221;][\/vc_column][vc_column width=&#8221;1\/2&#8243;]    <div class=\"ia-heading ia-heading-heading_1742 heading-align-left \" data-delay=0>\r\n    \t<h2 class=\"h1\">\r\n                \tVisi\u00f3n                <\/h2>\r\n        <div class=\"clearfix\"><\/div>\r\n    <\/div>\r\n    [vc_column_text]<span style=\"color: #000000;\">Para el a\u00f1o 2028, la Liga de Ciclismo del Quind\u00edo ser\u00e1 reconocida a nivel nacional como una organizaci\u00f3n modelo en formaci\u00f3n deportiva, excelencia competitiva e impacto social, consolidando al departamento como un referente del ciclismo colombiano, con infraestructura de calidad, programas de desarrollo integral y ciclistas destacados en el \u00e1mbito profesional.<\/span>[\/vc_column_text][\/vc_column][\/vc_row][vc_row leaf_row_scheme=&#8221;0&#8243; css=&#8221;.vc_custom_1754144667862{margin-top: 40px !important;}&#8221;][vc_column width=&#8221;1\/2&#8243;]    <div class=\"ia-heading ia-heading-heading_2503 heading-align-left \" data-delay=0>\r\n    \t<h2 class=\"h1\">\r\n                \tValores Institucionales                <\/h2>\r\n        <div class=\"clearfix\"><\/div>\r\n    <\/div>\r\n    [vc_column_text]<span style=\"color: #000000;\"><strong>&#8211; Compromiso:<\/strong> Trabajo constante y responsable por el bienestar de nuestros ciclistas y el crecimiento del ciclismo en la regi\u00f3n.<\/span><br \/>\n<span style=\"color: #000000;\"><strong>&#8211; Pasi\u00f3n:<\/strong> Amor por el ciclismo y por nuestra regi\u00f3n, que impulsa cada una de nuestras acciones.<\/span><br \/>\n<span style=\"color: #000000;\"><strong>&#8211; Excelencia:<\/strong> B\u00fasqueda permanente de calidad en los procesos deportivos, administrativos y formativos.<\/span><br \/>\n<span style=\"color: #000000;\"><strong>&#8211; Inclusi\u00f3n:<\/strong> Oportunidades para todos sin importar edad, g\u00e9nero o condici\u00f3n social.<\/span><br \/>\n<span style=\"color: #000000;\"><strong>&#8211; Transparencia:<\/strong> Gesti\u00f3n \u00e9tica, clara y honesta.<\/span><br \/>\n<span style=\"color: #000000;\"><strong>&#8211; Trabajo en equipo:<\/strong> Creemos en la colaboraci\u00f3n entre entrenadores, deportistas, padres, instituciones y aliados.<\/span><br \/>\n<span style=\"color: #000000;\"><strong>&#8211; Resiliencia:<\/strong> Capacidad de superar obst\u00e1culos y continuar pedaleando hacia las metas trazadas.<\/span>[\/vc_column_text][\/vc_column][vc_column width=&#8221;1\/2&#8243;][vc_single_image image=&#8221;7818&#8243; img_size=&#8221;800&#215;500&#8243; alignment=&#8221;center&#8221;][\/vc_column][\/vc_row][vc_row full_width=&#8221;stretch_row&#8221; parallax=&#8221;content-moving-fade&#8221; parallax_image=&#8221;3572&#8243; leaf_row_scheme=&#8221;0&#8243; css=&#8221;.vc_custom_1624134082750{background-image: url(http:\/\/thecyclingcompanystore.com\/wp-content\/uploads\/2021\/06\/Fondos-Mitico-Farm-2.jpg?id=3572) !important;}&#8221;][vc_column width=&#8221;1\/2&#8243;][vc_single_image image=&#8221;7824&#8243; img_size=&#8221;800&#215;500&#8243; alignment=&#8221;center&#8221;][\/vc_column][vc_column width=&#8221;1\/2&#8243;]    <div class=\"ia-heading ia-heading-heading_8498 heading-align-left \" data-delay=0>\r\n    \t<h2 class=\"h1\">\r\n                \tOBJETIVOS ESTRAT\u00c9GICOS                <\/h2>\r\n        <div class=\"clearfix\"><\/div>\r\n    <\/div>\r\n    [vc_column_text]<span style=\"color: #000000;\">&#8211; Fortalecer la infraestructura deportiva para entrenamientos y competencias en todas las modalidades del ciclismo.<\/span><br \/>\n<span style=\"color: #000000;\">&#8211; Incrementar la participaci\u00f3n de deportistas en eventos nacionales e internacionales.<\/span><br \/>\n<span style=\"color: #000000;\">&#8211; Desarrollar programas de formaci\u00f3n deportiva para ni\u00f1os, j\u00f3venes y entrenadores.<\/span><br \/>\n<span style=\"color: #000000;\">&#8211; Asegurar sostenibilidad financiera mediante alianzas p\u00fablicas, privadas y actividades de recaudaci\u00f3n.<\/span><br \/>\n<span style=\"color: #000000;\">&#8211; Posicionar al Quind\u00edo como destino de turismo deportivo y referente nacional en ciclismo competitivo.<\/span><br \/>\n<span style=\"color: #000000;\">&#8211; Fomentar el impacto social positivo del ciclismo en comunidades vulnerables del departamento.<\/span>[\/vc_column_text][\/vc_column][\/vc_row][vc_row leaf_row_scheme=&#8221;0&#8243; css=&#8221;.vc_custom_1754144667862{margin-top: 40px !important;}&#8221;][vc_column width=&#8221;1\/2&#8243;]    <div class=\"ia-heading ia-heading-heading_3911 heading-align-left \" data-delay=0>\r\n    \t<h2 class=\"h1\">\r\n                \tValores Institucionales                <\/h2>\r\n        <div class=\"clearfix\"><\/div>\r\n    <\/div>\r\n    [vc_column_text]<span style=\"color: #000000;\"><strong>&#8211; Fomento del Desarrollo Integral:<\/strong> Promover la formaci\u00f3n deportiva y humana de los ciclistas, enfoc\u00e1ndose no solo en el rendimiento competitivo, sino en la formaci\u00f3n de personas \u00edntegras, responsables y comprometidas con la comunidad.<\/span><br \/>\n<span style=\"color: #000000;\"><strong>&#8211; Inclusi\u00f3n y Masificaci\u00f3n:<\/strong> Impulsar el acceso al ciclismo en todas las edades y condiciones sociales del departamento, garantizando oportunidades para talentos emergentes y la participaci\u00f3n masiva.<\/span><br \/>\n<span style=\"color: #000000;\"><strong>&#8211; Excelencia T\u00e9cnica y Profesionalizaci\u00f3n:<\/strong> Asegurar la actualizaci\u00f3n y capacitaci\u00f3n constante de entrenadores, deportistas y personal administrativo, fomentando un entorno de trabajo profesional y de alta calidad.<\/span><br \/>\n<span style=\"color: #000000;\"><strong>&#8211; Transparencia y Buena Gesti\u00f3n:<\/strong> Mantener una administraci\u00f3n eficiente, transparente y responsable de los recursos, con procesos claros y comunicaci\u00f3n abierta hacia los socios, deportistas y patrocinadores.<\/span><br \/>\n<span style=\"color: #000000;\"><strong>&#8211; Sostenibilidad Financiera:<\/strong> Desarrollar estrategias diversificadas de financiaci\u00f3n para garantizar la continuidad y crecimiento de la liga, fomentando alianzas con entidades p\u00fablicas, privadas y la comunidad.<\/span><br \/>\n<span style=\"color: #000000;\"><strong>&#8211; Promoci\u00f3n y Visibilidad:<\/strong> Fortalecer la imagen de la liga y del ciclismo en el Quind\u00edo a trav\u00e9s de campa\u00f1as de marketing digital, eventos deportivos y alianzas estrat\u00e9gicas que aumenten la presencia y el reconocimiento local, nacional e internacional.<\/span><br \/>\n<span style=\"color: #000000;\"><strong>&#8211; Responsabilidad Social y Comunitaria:<\/strong> Utilizar el ciclismo como herramienta para el desarrollo social, la integraci\u00f3n comunitaria y la promoci\u00f3n de h\u00e1bitos saludables en la poblaci\u00f3n del Quind\u00edo.<\/span>[\/vc_column_text][\/vc_column][vc_column width=&#8221;1\/2&#8243;][vc_single_image image=&#8221;7827&#8243; img_size=&#8221;800&#215;900&#8243; alignment=&#8221;center&#8221;][\/vc_column][\/vc_row]<\/p>\n","protected":false},"excerpt":{"rendered":"<p>[vc_row][vc_column width=&#8221;1\/2&#8243;][vc_column_text]La Liga de Ciclismo del Quind\u00edo es una organizaci\u00f3n deportiva sin \u00e1nimo de lucro dedicada a impulsar el desarrollo del ciclismo [&hellip;]<\/p>\n","protected":false},"author":1,"featured_media":0,"parent":0,"menu_order":0,"comment_status":"closed","ping_status":"closed","template":"","meta":{"footnotes":""},"class_list":["post-3547","page","type-page","status-publish","hentry"],"jetpack_sharing_enabled":true,"_links":{"self":[{"href":"https:\/\/ligaciclismoquindio.com\/index.php\/wp-json\/wp\/v2\/pages\/3547","targetHints":{"allow":["GET"]}}],"collection":[{"href":"https:\/\/ligaciclismoquindio.com\/index.php\/wp-json\/wp\/v2\/pages"}],"about":[{"href":"https:\/\/ligaciclismoquindio.com\/index.php\/wp-json\/wp\/v2\/types\/page"}],"author":[{"embeddable":true,"href":"https:\/\/ligaciclismoquindio.com\/index.php\/wp-json\/wp\/v2\/users\/1"}],"replies":[{"embeddable":true,"href":"https:\/\/ligaciclismoquindio.com\/index.php\/wp-json\/wp\/v2\/comments?post=3547"}],"version-history":[{"count":54,"href":"https:\/\/ligaciclismoquindio.com\/index.php\/wp-json\/wp\/v2\/pages\/3547\/revisions"}],"predecessor-version":[{"id":7755,"href":"https:\/\/ligaciclismoquindio.com\/index.php\/wp-json\/wp\/v2\/pages\/3547\/revisions\/7755"}],"wp:attachment":[{"href":"https:\/\/ligaciclismoquindio.com\/index.php\/wp-json\/wp\/v2\/media?parent=3547"}],"curies":[{"name":"wp","href":"https:\/\/api.w.org\/{rel}","templated":true}]}}