{"id":2647,"date":"2016-08-31T10:44:04","date_gmt":"2016-08-31T10:44:04","guid":{"rendered":"http:\/\/demo.leafcolor.com\/sportcenter\/?page_id=2647"},"modified":"2025-07-30T20:41:49","modified_gmt":"2025-07-30T20:41:49","slug":"home-stadium-center","status":"publish","type":"page","link":"https:\/\/ligaciclismoquindio.com\/","title":{"rendered":"Home Liga"},"content":{"rendered":"<p>[vc_row full_width=&#8221;stretch_row&#8221; content_placement=&#8221;middle&#8221; parallax=&#8221;content-moving&#8221; parallax_image=&#8221;7808&#8243; parallax_speed_bg=&#8221;1&#8243; leaf_row_scheme=&#8221;0&#8243;][vc_column][vc_single_image image=&#8221;7769&#8243; img_size=&#8221;1921&#215;1081&#8243; css_animation=&#8221;fadeIn&#8221; css=&#8221;.vc_custom_1753886629968{margin-top: 40px !important;}&#8221;][\/vc_column][\/vc_row][vc_row full_width=&#8221;stretch_row_content&#8221; leaf_row_scheme=&#8221;1&#8243; css=&#8221;.vc_custom_1753889596776{margin-top: 20px !important;}&#8221;][vc_column width=&#8221;1\/3&#8243;]    \t<div class=\"\">\r\n\t\t\t            <div class=\"leaf-banner-item banner-item-2529\" style=\"background-image:url(https:\/\/ligaciclismoquindio.com\/wp-content\/uploads\/2025\/07\/Calendario-Web.jpg)\">\r\n                <a href=\"#\" class=\"leaf-banner-content\">\r\n                    <div class=\"leaf-banner-content-inner\">\r\n                        <h3 class=\"h2\">Calendario<\/h3>\r\n                        <h2 class=\"h1\"><\/h2>\r\n                    <\/div>\r\n                                        <div class=\"banner-overlay main-color-1-bg\"><\/div>\r\n                <\/a>\r\n            <\/div><!--\/leaf-banner-item-->\r\n        <\/div>\r\n\t[\/vc_column][vc_column width=&#8221;1\/3&#8243;]    \t<div class=\"\">\r\n\t\t\t            <div class=\"leaf-banner-item banner-item-5165\" style=\"background-image:url(https:\/\/ligaciclismoquindio.com\/wp-content\/uploads\/2025\/07\/Clubes-Web.jpg)\">\r\n                <a href=\"#\" class=\"leaf-banner-content\">\r\n                    <div class=\"leaf-banner-content-inner\">\r\n                        <h3 class=\"h2\">Clubes<\/h3>\r\n                        <h2 class=\"h1\"><\/h2>\r\n                    <\/div>\r\n                                        <div class=\"banner-overlay main-color-1-bg\"><\/div>\r\n                <\/a>\r\n            <\/div><!--\/leaf-banner-item-->\r\n        <\/div>\r\n\t[\/vc_column][vc_column width=&#8221;1\/3&#8243;]    \t<div class=\"\">\r\n\t\t\t            <div class=\"leaf-banner-item banner-item-4346\" style=\"background-image:url(https:\/\/ligaciclismoquindio.com\/wp-content\/uploads\/2025\/07\/Reglamento-Web.jpg)\">\r\n                <a href=\"#\" class=\"leaf-banner-content\">\r\n                    <div class=\"leaf-banner-content-inner\">\r\n                        <h3 class=\"h2\">Reglamento<\/h3>\r\n                        <h2 class=\"h1\"><\/h2>\r\n                    <\/div>\r\n                                        <div class=\"banner-overlay main-color-1-bg\"><\/div>\r\n                <\/a>\r\n            <\/div><!--\/leaf-banner-item-->\r\n        <\/div>\r\n\t[\/vc_column][\/vc_row][vc_row full_width=&#8221;stretch_row&#8221; content_placement=&#8221;middle&#8221; leaf_row_scheme=&#8221;0&#8243; css=&#8221;.vc_custom_1753891325866{margin-top: 20px !important;background-color: #b274a4 !important;}&#8221;][vc_column]    <div class=\"ia-heading ia-heading-heading_2537 heading-align-center \" data-delay=0>\r\n    \t<h2 class=\"h1\">\r\n                \tNuestros Eventos                <\/h2>\r\n        <div class=\"clearfix\"><\/div>\r\n    <\/div>\r\n    \t<section class=\"leaf-timeline shortcode-post-timeline-5506 \" data-delay=0>\r\n        <div class=\"timeline-wrap\">\r\n\t\t        <\/div>\r\n\t<\/section><!--\/timeline-->\r\n\t[vc_column_text]<\/p>\n<p style=\"text-align: center;\">    \t<a class=\"btn skew-btn button-button_button_98 btn-default btn-lg  has-icon\" href=\"https:\/\/ligaciclismoquindio\/?post_type=tribe_events\" >\r\n        <span class=\"btn-text\">Eventos<\/span><span class=\"btn-icon\"><i class=\"fa fa-clock-o\"><\/i><\/span>        <\/a>\r\n        <\/p>\n<p>[\/vc_column_text][\/vc_column][\/vc_row][vc_row content_placement=&#8221;middle&#8221; leaf_row_scheme=&#8221;0&#8243; css=&#8221;.vc_custom_1753891187324{margin-top: 40px !important;background-position: center !important;background-repeat: no-repeat !important;background-size: contain !important;}&#8221;][vc_column css=&#8221;.vc_custom_1753891176690{background-position: center !important;background-repeat: no-repeat !important;background-size: cover !important;}&#8221;]    <div class=\"ia-heading ia-heading-heading_5361 heading-align-center \" data-delay=0>\r\n    \t<h2 class=\"h1\">\r\n                \tUltimas Noticias                <\/h2>\r\n        <div class=\"clearfix\"><\/div>\r\n    <\/div>\r\n        \t<section class=\"leaf-post-news shortcode-news-1447 \">\r\n        <div class=\"post-news-wrap\">\r\n        \t<div class=\"row\">\r\n            \t                                \t                            <div class=\"col-md-6\">\r\n                            \t\t\t\t\t\t\t<div class=\"post-news-item\">\r\n\t\t\t\t\t\t\t\t<div class=\"post-news-item-thumbnail\">\r\n\t\t\t\t\t\t\t\t\t<a href=\"https:\/\/ligaciclismoquindio.com\/index.php\/2025\/07\/30\/diana-zambrano\/\" title=\"Vuelve el Novato de Oro\" >\r\n\t\t\t\t\t\t\t\t\t\t\t\t\t\t\t\t\t\t\t\t<img loading=\"lazy\" decoding=\"async\" src=\"https:\/\/ligaciclismoquindio.com\/wp-content\/uploads\/2024\/03\/Linkedin-2-177x177.jpg\" width=\"177\" height=\"177\" title=\"Vuelve el Novato de Oro\" alt=\"Vuelve el Novato de Oro\">\r\n\t\t\t\t\t\t\t\t\t\t<span class=\"btn skew-btn btn-primary btn-news\">\r\n                                                                                <span class=\"btn-text\">30 de July de 2025<\/span>\r\n                                        <\/span>\r\n\t\t\t\t\t\t\t\t\t<\/a>\r\n\t\t\t\t\t\t\t\t<\/div>\r\n\t\t\t\t\t\t\t\t<div class=\"post-news-item-content\">\r\n\t\t\t\t\t\t\t\t\t<h3 class=\"font-2\"><a href=\"https:\/\/ligaciclismoquindio.com\/index.php\/2025\/07\/30\/diana-zambrano\/\" title=\"Vuelve el Novato de Oro\">Vuelve el Novato de Oro<\/a><\/h3>\r\n\t\t\t\t\t\t\t\t\t<div class=\"news-meta small-meta\">\r\n\t\t\t\t\t\t\t\t\t\t<span><i class=\"fa fa-user\"><\/i> adminStore<\/span>\r\n                                        \t\t\t\t\t\t\t\t\t\t<span><i class=\"fa fa-comment-o\"><\/i> 0<\/span>\r\n                                        \t\t\t\t\t\t\t\t\t\t<span><i class=\"fa fa-folder-open-o\"><\/i> <a href=\"https:\/\/ligaciclismoquindio.com\/index.php\/category\/ciclismo\/\" rel=\"category tag\">Ciclismo<\/a>, <a href=\"https:\/\/ligaciclismoquindio.com\/index.php\/category\/noticias\/\" rel=\"category tag\">Noticias<\/a><\/span>\r\n                                        \t\t\t\t\t\t\t\t\t<\/div>\r\n\t\t\t\t\t\t\t\t\t\t\t\t\t\t\t\t\t\t<div class=\"news-excerpt\"><p>Un evento donde nacen los sue\u00f1os, donde la pasi\u00f3n y el talento juvenil se encuentran con las monta\u00f1as, los pueblos y las [&hellip;]<\/p>\n<\/div>\r\n\t\t\t\t\t\t\t\t\t\t\t\t\t\t\t\t\t<\/div>\r\n\t\t\t\t\t\t\t\t<div class=\"clearfix\"><\/div>\r\n\t\t\t\t\t\t\t<\/div><!--\/post-news-item-->\r\n\t\t\t\t\t\t                            <\/div>\r\n                                                    <div class=\"col-md-6\">\r\n                            \t\t\t\t\t\t\t<div class=\"post-news-item\">\r\n\t\t\t\t\t\t\t\t<div class=\"post-news-item-thumbnail\">\r\n\t\t\t\t\t\t\t\t\t<a href=\"https:\/\/ligaciclismoquindio.com\/index.php\/2025\/07\/30\/andres-jaramillo\/\" title=\"Pedaleamos Todos!\" >\r\n\t\t\t\t\t\t\t\t\t\t\t\t\t\t\t\t\t\t\t\t<img loading=\"lazy\" decoding=\"async\" src=\"https:\/\/ligaciclismoquindio.com\/wp-content\/uploads\/2025\/07\/Home-img-1-177x177.jpg\" width=\"177\" height=\"177\" title=\"Pedaleamos Todos!\" alt=\"Pedaleamos Todos!\">\r\n\t\t\t\t\t\t\t\t\t\t<span class=\"btn skew-btn btn-primary btn-news\">\r\n                                                                                <span class=\"btn-text\">30 de July de 2025<\/span>\r\n                                        <\/span>\r\n\t\t\t\t\t\t\t\t\t<\/a>\r\n\t\t\t\t\t\t\t\t<\/div>\r\n\t\t\t\t\t\t\t\t<div class=\"post-news-item-content\">\r\n\t\t\t\t\t\t\t\t\t<h3 class=\"font-2\"><a href=\"https:\/\/ligaciclismoquindio.com\/index.php\/2025\/07\/30\/andres-jaramillo\/\" title=\"Pedaleamos Todos!\">Pedaleamos Todos!<\/a><\/h3>\r\n\t\t\t\t\t\t\t\t\t<div class=\"news-meta small-meta\">\r\n\t\t\t\t\t\t\t\t\t\t<span><i class=\"fa fa-user\"><\/i> adminStore<\/span>\r\n                                        \t\t\t\t\t\t\t\t\t\t<span><i class=\"fa fa-comment-o\"><\/i> 0<\/span>\r\n                                        \t\t\t\t\t\t\t\t\t\t<span><i class=\"fa fa-folder-open-o\"><\/i> <a href=\"https:\/\/ligaciclismoquindio.com\/index.php\/category\/ciclismo\/\" rel=\"category tag\">Ciclismo<\/a>, <a href=\"https:\/\/ligaciclismoquindio.com\/index.php\/category\/noticias\/\" rel=\"category tag\">Noticias<\/a><\/span>\r\n                                        \t\t\t\t\t\t\t\t\t<\/div>\r\n\t\t\t\t\t\t\t\t\t\t\t\t\t\t\t\t\t\t<div class=\"news-excerpt\"><p>\u201cPedaleamos todos\u201d no es solo un eslogan; es una declaraci\u00f3n de uni\u00f3n, compromiso y prop\u00f3sito colectivo, en la Liga de Ciclismo del [&hellip;]<\/p>\n<\/div>\r\n\t\t\t\t\t\t\t\t\t\t\t\t\t\t\t\t\t<\/div>\r\n\t\t\t\t\t\t\t\t<div class=\"clearfix\"><\/div>\r\n\t\t\t\t\t\t\t<\/div><!--\/post-news-item-->\r\n\t\t\t\t\t\t                            <\/div>\r\n                                    \t                            <\/div><!--\/row-->\r\n        <\/div>\r\n\t<\/section><!--\/post-blog-->\r\n\t[\/vc_column][\/vc_row][vc_row full_width=&#8221;stretch_row&#8221; full_height=&#8221;yes&#8221; equal_height=&#8221;yes&#8221; content_placement=&#8221;top&#8221; parallax=&#8221;content-moving&#8221; parallax_image=&#8221;6948&#8243; parallax_speed_bg=&#8221;1&#8243; leaf_row_scheme=&#8221;0&#8243; css=&#8221;.vc_custom_1753890735026{background-image: url(http:\/\/thecyclingcompanystore.com\/wp-content\/uploads\/2021\/05\/Fondos-Mitico-Farm-2.jpg?id=3328) !important;}&#8221;][vc_column css=&#8221;.vc_custom_1753890971710{margin-bottom: -20px !important;}&#8221;]    <div class=\"ia-heading ia-heading-heading_9855 heading-align-center \" data-delay=0>\r\n    \t<h2 class=\"h1\">\r\n                \tNuestros <span class=\"main-color-1\">Entrenadores<\/span>                <\/h2>\r\n        <div class=\"clearfix\"><\/div>\r\n    <\/div>\r\n    [\/vc_column][vc_column width=&#8221;1\/3&#8243; css=&#8221;.vc_custom_1733519620952{margin-top: -40px !important;}&#8221;]        \t<div class=\"leaf-member  thumb-bottom \">\r\n            \t<a class=\"leaf-member-image text-center\" href=\"https:\/\/ligaciclismoquindio.com\/index.php\/member\/jesusvelez\/\" title=\"Jes\u00fas Velez\" style=\"background-image:url()\">\r\n                \tJes\u00fas Velez                <\/a>\r\n                <div class=\"leaf-member-info text-center main-color-1-bg dark-div\">\r\n                \t<div class=\"leaf-member-info-inner\">\r\n                        <a href=\"https:\/\/ligaciclismoquindio.com\/index.php\/member\/jesusvelez\/\" title=\"Jes\u00fas Velez\">\r\n                            <h4 class=\"font-2 h5\">Jes\u00fas Velez<\/h4>\r\n                            <span class=\"small-meta\"><\/span>\r\n                        <\/a>\r\n                                                <ul class=\"list-inline\">\r\n                        \t                                                                                                                                                                                                                                                                                                                                                                                                                                        \r\n                        <\/ul>\r\n                    <\/div>\r\n                <\/div>\r\n            <\/div><!--leaf-member-->\r\n\t\t\t[\/vc_column][vc_column width=&#8221;1\/3&#8243; css=&#8221;.vc_custom_1690928513414{margin-top: -40px !important;}&#8221;]        \t<div class=\"leaf-member \">\r\n            \t<a class=\"leaf-member-image text-center\" href=\"https:\/\/ligaciclismoquindio.com\/index.php\/member\/jesusvelez\/\" title=\"Jes\u00fas Velez\" style=\"background-image:url()\">\r\n                \tJes\u00fas Velez                <\/a>\r\n                <div class=\"leaf-member-info text-center main-color-1-bg dark-div\">\r\n                \t<div class=\"leaf-member-info-inner\">\r\n                        <a href=\"https:\/\/ligaciclismoquindio.com\/index.php\/member\/jesusvelez\/\" title=\"Jes\u00fas Velez\">\r\n                            <h4 class=\"font-2 h5\">Jes\u00fas Velez<\/h4>\r\n                            <span class=\"small-meta\"><\/span>\r\n                        <\/a>\r\n                                                <ul class=\"list-inline\">\r\n                        \t                                                                                                                                                                                                                                                                                                                                                                                                                                        \r\n                        <\/ul>\r\n                    <\/div>\r\n                <\/div>\r\n            <\/div><!--leaf-member-->\r\n\t\t\t[\/vc_column][vc_column width=&#8221;1\/3&#8243; css=&#8221;.vc_custom_1690928521294{margin-top: -40px !important;}&#8221;]        \t<div class=\"leaf-member  thumb-bottom \">\r\n            \t<a class=\"leaf-member-image text-center\" href=\"https:\/\/ligaciclismoquindio.com\/index.php\/member\/jesusvelez\/\" title=\"Jes\u00fas Velez\" style=\"background-image:url()\">\r\n                \tJes\u00fas Velez                <\/a>\r\n                <div class=\"leaf-member-info text-center main-color-1-bg dark-div\">\r\n                \t<div class=\"leaf-member-info-inner\">\r\n                        <a href=\"https:\/\/ligaciclismoquindio.com\/index.php\/member\/jesusvelez\/\" title=\"Jes\u00fas Velez\">\r\n                            <h4 class=\"font-2 h5\">Jes\u00fas Velez<\/h4>\r\n                            <span class=\"small-meta\"><\/span>\r\n                        <\/a>\r\n                                                <ul class=\"list-inline\">\r\n                        \t                                                                                                                                                                                                                                                                                                                                                                                                                                        \r\n                        <\/ul>\r\n                    <\/div>\r\n                <\/div>\r\n            <\/div><!--leaf-member-->\r\n\t\t\t[\/vc_column][\/vc_row]<\/p>\n","protected":false},"excerpt":{"rendered":"<p>[vc_row full_width=&#8221;stretch_row&#8221; content_placement=&#8221;middle&#8221; parallax=&#8221;content-moving&#8221; parallax_image=&#8221;7808&#8243; parallax_speed_bg=&#8221;1&#8243; leaf_row_scheme=&#8221;0&#8243;][vc_column][vc_single_image image=&#8221;7769&#8243; img_size=&#8221;1921&#215;1081&#8243; css_animation=&#8221;fadeIn&#8221; css=&#8221;.vc_custom_1753886629968{margin-top: 40px !important;}&#8221;][\/vc_column][\/vc_row][vc_row full_width=&#8221;stretch_row_content&#8221; leaf_row_scheme=&#8221;1&#8243; css=&#8221;.vc_custom_1753889596776{margin-top: 20px !important;}&#8221;][vc_column width=&#8221;1\/3&#8243;][\/vc_column][vc_column width=&#8221;1\/3&#8243;][\/vc_column][vc_column width=&#8221;1\/3&#8243;][\/vc_column][\/vc_row][vc_row full_width=&#8221;stretch_row&#8221; [&hellip;]<\/p>\n","protected":false},"author":1,"featured_media":0,"parent":3053,"menu_order":0,"comment_status":"closed","ping_status":"closed","template":"page-templates\/front-page.php","meta":{"footnotes":""},"class_list":["post-2647","page","type-page","status-publish","hentry"],"jetpack_sharing_enabled":true,"_links":{"self":[{"href":"https:\/\/ligaciclismoquindio.com\/index.php\/wp-json\/wp\/v2\/pages\/2647","targetHints":{"allow":["GET"]}}],"collection":[{"href":"https:\/\/ligaciclismoquindio.com\/index.php\/wp-json\/wp\/v2\/pages"}],"about":[{"href":"https:\/\/ligaciclismoquindio.com\/index.php\/wp-json\/wp\/v2\/types\/page"}],"author":[{"embeddable":true,"href":"https:\/\/ligaciclismoquindio.com\/index.php\/wp-json\/wp\/v2\/users\/1"}],"replies":[{"embeddable":true,"href":"https:\/\/ligaciclismoquindio.com\/index.php\/wp-json\/wp\/v2\/comments?post=2647"}],"version-history":[{"count":590,"href":"https:\/\/ligaciclismoquindio.com\/index.php\/wp-json\/wp\/v2\/pages\/2647\/revisions"}],"predecessor-version":[{"id":7809,"href":"https:\/\/ligaciclismoquindio.com\/index.php\/wp-json\/wp\/v2\/pages\/2647\/revisions\/7809"}],"up":[{"embeddable":true,"href":"https:\/\/ligaciclismoquindio.com\/index.php\/wp-json\/wp\/v2\/pages\/3053"}],"wp:attachment":[{"href":"https:\/\/ligaciclismoquindio.com\/index.php\/wp-json\/wp\/v2\/media?parent=2647"}],"curies":[{"name":"wp","href":"https:\/\/api.w.org\/{rel}","templated":true}]}}